{"id":604,"date":"2021-06-29T12:39:58","date_gmt":"2021-06-29T17:39:58","guid":{"rendered":"https:\/\/econdental.com\/?page_id=604"},"modified":"2025-10-28T09:31:35","modified_gmt":"2025-10-28T14:31:35","slug":"financing","status":"publish","type":"page","link":"https:\/\/econdental.org\/es\/financiacion\/","title":{"rendered":"Financiaci\u00f3n"},"content":{"rendered":"<div data-elementor-type=\"wp-page\" data-elementor-id=\"604\" class=\"elementor elementor-604\" data-elementor-post-type=\"page\">\n\t\t\t\t\t\t<section class=\"elementor-section elementor-top-section elementor-element elementor-element-0e52a83 elementor-section-boxed elementor-section-height-default elementor-section-height-default\" data-id=\"0e52a83\" data-element_type=\"section\" data-e-type=\"section\">\n\t\t\t\t\t\t<div class=\"elementor-container elementor-column-gap-default\">\n\t\t\t\t\t<div class=\"elementor-column elementor-col-100 elementor-top-column elementor-element elementor-element-f75d21b\" data-id=\"f75d21b\" data-element_type=\"column\" data-e-type=\"column\">\n\t\t\t<div class=\"elementor-widget-wrap elementor-element-populated\">\n\t\t\t\t\t\t<div class=\"elementor-element elementor-element-30b5e59 animated-slow elementor-invisible elementor-widget elementor-widget-heading\" data-id=\"30b5e59\" data-element_type=\"widget\" data-e-type=\"widget\" data-settings=\"{&quot;_animation&quot;:&quot;fadeIn&quot;}\" data-widget_type=\"heading.default\">\n\t\t\t\t<div class=\"elementor-widget-container\">\n\t\t\t\t\t<h1 class=\"elementor-heading-title elementor-size-default\">Financiaci\u00f3n<\/h1>\t\t\t\t<\/div>\n\t\t\t\t<\/div>\n\t\t\t\t\t<\/div>\n\t\t<\/div>\n\t\t\t\t\t<\/div>\n\t\t<\/section>\n\t\t\t\t<section class=\"elementor-section elementor-top-section elementor-element elementor-element-61d20f4 elementor-section-boxed elementor-section-height-default elementor-section-height-default\" data-id=\"61d20f4\" data-element_type=\"section\" data-e-type=\"section\">\n\t\t\t\t\t\t<div class=\"elementor-container elementor-column-gap-default\">\n\t\t\t\t\t<div class=\"elementor-column elementor-col-100 elementor-top-column elementor-element elementor-element-16e7a68\" data-id=\"16e7a68\" data-element_type=\"column\" data-e-type=\"column\">\n\t\t\t<div class=\"elementor-widget-wrap elementor-element-populated\">\n\t\t\t\t\t\t<div class=\"elementor-element elementor-element-218bb83 elementor-widget elementor-widget-heading\" data-id=\"218bb83\" data-element_type=\"widget\" data-e-type=\"widget\" data-widget_type=\"heading.default\">\n\t\t\t\t<div class=\"elementor-widget-container\">\n\t\t\t\t\t<h3 class=\"elementor-heading-title elementor-size-default\">Ofrecemos convenientes opciones de planes de pago<\/h3>\t\t\t\t<\/div>\n\t\t\t\t<\/div>\n\t\t\t\t<div class=\"elementor-element elementor-element-01c1060 elementor-widget elementor-widget-text-editor\" data-id=\"01c1060\" data-element_type=\"widget\" data-e-type=\"widget\" data-widget_type=\"text-editor.default\">\n\t\t\t\t<div class=\"elementor-widget-container\">\n\t\t\t\t\t\t\t\t\t<p>En Econ Dental le ofrecemos los mejores y m\u00e1s convenientes planes de pago para su tratamiento. Ya sea que necesite \u201cbraces\u201d, dentadura postiza, implantes, carillas, puentes dentales o cualquier otro tratamiento.  Nuestros planes de pago comienzan en solo $39 al mes.  Ofrecemos financiamiento para personal con buen puntaje de cr\u00e9dito o con puntaje bajo.  En Econ Dental ofrecemos servicios dentales de calidad a un precio que puede pagar.<\/p>\t\t\t\t\t\t\t\t<\/div>\n\t\t\t\t<\/div>\n\t\t\t\t<div class=\"elementor-element elementor-element-d886fa8 elementor-widget elementor-widget-heading\" data-id=\"d886fa8\" data-element_type=\"widget\" data-e-type=\"widget\" data-widget_type=\"heading.default\">\n\t\t\t\t<div class=\"elementor-widget-container\">\n\t\t\t\t\t<h3 class=\"elementor-heading-title elementor-size-default\">Su Primera Visita a Econ Dental\u00a0<\/h3>\t\t\t\t<\/div>\n\t\t\t\t<\/div>\n\t\t\t\t<div class=\"elementor-element elementor-element-e7377f1 elementor-widget elementor-widget-text-editor\" data-id=\"e7377f1\" data-element_type=\"widget\" data-e-type=\"widget\" data-widget_type=\"text-editor.default\">\n\t\t\t\t<div class=\"elementor-widget-container\">\n\t\t\t\t\t\t\t\t\t<p>Somos conscientes de que muchas personas que requieren servicios y\/o procedimientos dentales no los realizan en tiempo y forma porque no saben cu\u00e1nto les costar\u00e1 la primera visita.\u00a0 No te preocupes, en Econ Dental entendemos tus inquietudes, por eso ofrecemos primeras visitas, que incluyen examen, radiograf\u00edas y limpieza dental, generalmente una oferta con un valor de $300, por solo $69,99 <span style=\"font-weight: 400;\">(D0150, D0210 y, si califica para una limpieza simple, D1110)<\/span>.\u00a0Luego de que el dentista complete su examen bucal, repasar\u00e1 con usted, en detalle, todos los tratamientos que necesita para obtener una excelente salud bucal.\u00a0 Adem\u00e1s, entendemos que no todo el mundo puede darse el lujo de realizar todos esos tratamientos y procedimientos de inmediato. Si este es tu caso, no te preocupes, en Econ Dental crearemos un plan de acci\u00f3n personalizado, en el que te explicamos qu\u00e9 tratamientos son necesarios y se deben realizar primero, permiti\u00e9ndote no s\u00f3lo mejorar tu salud bucal, sino tambi\u00e9n mejorar est\u00e9ticamente tu sonrisa.\u00a0 Los procedimientos se enumerar\u00e1n y completar\u00e1n en orden de prioridad.\u00a0 Esto nos permite trabajar mejor contigo, poco a poco, para ayudarte a conseguir tus objetivos de tener una sonrisa sana y hermosa.<\/p>\t\t\t\t\t\t\t\t<\/div>\n\t\t\t\t<\/div>\n\t\t\t\t\t<\/div>\n\t\t<\/div>\n\t\t\t\t\t<\/div>\n\t\t<\/section>\n\t\t\t\t<\/div>","protected":false},"excerpt":{"rendered":"<p>Financing We Offer Convenient Payment Plan Options At Econ Dental, we offer the best and most convenient payments plans for your treatments.\u00a0 Whether you need braces, dentures, implants, veneers, dental bridges, or any other treatment, our payment plans start at only $39 a month.\u00a0 We offer financing for people with either strong or troubled credit [&hellip;]<\/p>","protected":false},"author":1,"featured_media":0,"parent":0,"menu_order":10,"comment_status":"closed","ping_status":"closed","template":"elementor_header_footer","meta":{"footnotes":""},"tags":[],"class_list":["post-604","page","type-page","status-publish","hentry"],"blocksy_meta":{"styles_descriptor":{"styles":{"desktop":"","tablet":"","mobile":""},"google_fonts":[]}},"_links":{"self":[{"href":"https:\/\/econdental.org\/es\/wp-json\/wp\/v2\/pages\/604","targetHints":{"allow":["GET"]}}],"collection":[{"href":"https:\/\/econdental.org\/es\/wp-json\/wp\/v2\/pages"}],"about":[{"href":"https:\/\/econdental.org\/es\/wp-json\/wp\/v2\/types\/page"}],"author":[{"embeddable":true,"href":"https:\/\/econdental.org\/es\/wp-json\/wp\/v2\/users\/1"}],"replies":[{"embeddable":true,"href":"https:\/\/econdental.org\/es\/wp-json\/wp\/v2\/comments?post=604"}],"version-history":[{"count":16,"href":"https:\/\/econdental.org\/es\/wp-json\/wp\/v2\/pages\/604\/revisions"}],"predecessor-version":[{"id":1651,"href":"https:\/\/econdental.org\/es\/wp-json\/wp\/v2\/pages\/604\/revisions\/1651"}],"wp:attachment":[{"href":"https:\/\/econdental.org\/es\/wp-json\/wp\/v2\/media?parent=604"}],"wp:term":[{"taxonomy":"post_tag","embeddable":true,"href":"https:\/\/econdental.org\/es\/wp-json\/wp\/v2\/tags?post=604"}],"curies":[{"name":"wp","href":"https:\/\/api.w.org\/{rel}","templated":true}]}}