{"id":35,"date":"2021-06-25T22:13:17","date_gmt":"2021-06-26T03:13:17","guid":{"rendered":"https:\/\/econdental.com\/?page_id=35"},"modified":"2021-09-14T18:35:32","modified_gmt":"2021-09-14T23:35:32","slug":"cosmetic-treatments","status":"publish","type":"page","link":"https:\/\/econdental.org\/es\/tratamientos-dentales\/tratamientos-cosmeticos\/","title":{"rendered":"Tratamientos cosm\u00e9ticos"},"content":{"rendered":"<div data-elementor-type=\"wp-page\" data-elementor-id=\"35\" class=\"elementor elementor-35\" data-elementor-post-type=\"page\">\n\t\t\t\t\t\t<section class=\"elementor-section elementor-top-section elementor-element elementor-element-0600001 elementor-section-boxed elementor-section-height-default elementor-section-height-default\" data-id=\"0600001\" data-element_type=\"section\" data-e-type=\"section\">\n\t\t\t\t\t\t<div class=\"elementor-container elementor-column-gap-default\">\n\t\t\t\t\t<div class=\"elementor-column elementor-col-100 elementor-top-column elementor-element elementor-element-7937bab\" data-id=\"7937bab\" data-element_type=\"column\" data-e-type=\"column\">\n\t\t\t<div class=\"elementor-widget-wrap elementor-element-populated\">\n\t\t\t\t\t\t<div class=\"elementor-element elementor-element-3c0ca88 elementor-widget elementor-widget-spacer\" data-id=\"3c0ca88\" data-element_type=\"widget\" data-e-type=\"widget\" data-widget_type=\"spacer.default\">\n\t\t\t\t<div class=\"elementor-widget-container\">\n\t\t\t\t\t\t\t<div class=\"elementor-spacer\">\n\t\t\t<div class=\"elementor-spacer-inner\"><\/div>\n\t\t<\/div>\n\t\t\t\t\t\t<\/div>\n\t\t\t\t<\/div>\n\t\t\t\t<div class=\"elementor-element elementor-element-ba4397f elementor-widget elementor-widget-heading\" data-id=\"ba4397f\" data-element_type=\"widget\" data-e-type=\"widget\" data-widget_type=\"heading.default\">\n\t\t\t\t<div class=\"elementor-widget-container\">\n\t\t\t\t\t<h4 class=\"elementor-heading-title elementor-size-default\">Veneers<\/h4>\t\t\t\t<\/div>\n\t\t\t\t<\/div>\n\t\t\t\t<div class=\"elementor-element elementor-element-8917581 elementor-widget elementor-widget-text-editor\" data-id=\"8917581\" data-element_type=\"widget\" data-e-type=\"widget\" data-widget_type=\"text-editor.default\">\n\t\t\t\t<div class=\"elementor-widget-container\">\n\t\t\t\t\t\t\t\t\t<p>Una maravilla de la tecnolog\u00eda moderna y est\u00e9tica, consiste de unas laminillas de porcelana que se adhieren a la parte frontal de sus dientes. Esto lo que logra es que su dentadura se vea blanca, saludable y casi perfecta. Es por eso que son los favoritos de las modelos, los artistas de Hollywood, las reinas de bellezas y los ricos y famosos.<\/p>\t\t\t\t\t\t\t\t<\/div>\n\t\t\t\t<\/div>\n\t\t\t\t\t<\/div>\n\t\t<\/div>\n\t\t\t\t\t<\/div>\n\t\t<\/section>\n\t\t\t\t<section class=\"elementor-section elementor-top-section elementor-element elementor-element-e5e0d0f elementor-section-boxed elementor-section-height-default elementor-section-height-default\" data-id=\"e5e0d0f\" data-element_type=\"section\" data-e-type=\"section\">\n\t\t\t\t\t\t<div class=\"elementor-container elementor-column-gap-default\">\n\t\t\t\t\t<div class=\"elementor-column elementor-col-100 elementor-top-column elementor-element elementor-element-aa10d4b\" data-id=\"aa10d4b\" data-element_type=\"column\" data-e-type=\"column\">\n\t\t\t<div class=\"elementor-widget-wrap elementor-element-populated\">\n\t\t\t\t\t\t<div class=\"elementor-element elementor-element-2a93a6c elementor-widget elementor-widget-spacer\" data-id=\"2a93a6c\" data-element_type=\"widget\" data-e-type=\"widget\" data-widget_type=\"spacer.default\">\n\t\t\t\t<div class=\"elementor-widget-container\">\n\t\t\t\t\t\t\t<div class=\"elementor-spacer\">\n\t\t\t<div class=\"elementor-spacer-inner\"><\/div>\n\t\t<\/div>\n\t\t\t\t\t\t<\/div>\n\t\t\t\t<\/div>\n\t\t\t\t<div class=\"elementor-element elementor-element-fb89d6f elementor-widget elementor-widget-heading\" data-id=\"fb89d6f\" data-element_type=\"widget\" data-e-type=\"widget\" data-widget_type=\"heading.default\">\n\t\t\t\t<div class=\"elementor-widget-container\">\n\t\t\t\t\t<h4 class=\"elementor-heading-title elementor-size-default\">Blanqueamiento Dental<\/h4>\t\t\t\t<\/div>\n\t\t\t\t<\/div>\n\t\t\t\t<div class=\"elementor-element elementor-element-d128600 elementor-widget elementor-widget-text-editor\" data-id=\"d128600\" data-element_type=\"widget\" data-e-type=\"widget\" data-widget_type=\"text-editor.default\">\n\t\t\t\t<div class=\"elementor-widget-container\">\n\t\t\t\t\t\t\t\t\t<p>El tabaquismo, el consumir vino tinto, el caf\u00e9 son alguno de los factores de \u00e9l porque tenemos manchas externas en nuestros dientes. Existen dos tipos de manchas las externas y las internas. Con las internas no podemos hacer nada y esta puede haber sido causadas por consumo de medicamentos, un golpe en los dientes, manchas de sarro y el pasar de los a\u00f1os para mencionar algunas. Hoy d\u00eda el blanqueamiento de dientes es m\u00e1s efectivo que nunca antes. Si al blanquearse los dientes puede esperar el obtener muy buenos resultados.<\/p>\t\t\t\t\t\t\t\t<\/div>\n\t\t\t\t<\/div>\n\t\t\t\t\t<\/div>\n\t\t<\/div>\n\t\t\t\t\t<\/div>\n\t\t<\/section>\n\t\t\t\t<\/div>","protected":false},"excerpt":{"rendered":"<p>Una maravilla de la tecnolog\u00eda moderna y est\u00e9tica, consiste de unas laminillas de porcelana que se adhieren a la parte frontal de sus dientes. <\/p>","protected":false},"author":1,"featured_media":547,"parent":14,"menu_order":9,"comment_status":"closed","ping_status":"closed","template":"","meta":{"footnotes":""},"tags":[6],"class_list":["post-35","page","type-page","status-publish","has-post-thumbnail","hentry","tag-page-content"],"blocksy_meta":{"styles_descriptor":{"styles":{"desktop":"","tablet":"","mobile":""},"google_fonts":[]}},"_links":{"self":[{"href":"https:\/\/econdental.org\/es\/wp-json\/wp\/v2\/pages\/35","targetHints":{"allow":["GET"]}}],"collection":[{"href":"https:\/\/econdental.org\/es\/wp-json\/wp\/v2\/pages"}],"about":[{"href":"https:\/\/econdental.org\/es\/wp-json\/wp\/v2\/types\/page"}],"author":[{"embeddable":true,"href":"https:\/\/econdental.org\/es\/wp-json\/wp\/v2\/users\/1"}],"replies":[{"embeddable":true,"href":"https:\/\/econdental.org\/es\/wp-json\/wp\/v2\/comments?post=35"}],"version-history":[{"count":0,"href":"https:\/\/econdental.org\/es\/wp-json\/wp\/v2\/pages\/35\/revisions"}],"up":[{"embeddable":true,"href":"https:\/\/econdental.org\/es\/wp-json\/wp\/v2\/pages\/14"}],"wp:featuredmedia":[{"embeddable":true,"href":"https:\/\/econdental.org\/es\/wp-json\/wp\/v2\/media\/547"}],"wp:attachment":[{"href":"https:\/\/econdental.org\/es\/wp-json\/wp\/v2\/media?parent=35"}],"wp:term":[{"taxonomy":"post_tag","embeddable":true,"href":"https:\/\/econdental.org\/es\/wp-json\/wp\/v2\/tags?post=35"}],"curies":[{"name":"wp","href":"https:\/\/api.w.org\/{rel}","templated":true}]}}