{"id":30,"date":"2021-06-25T22:12:25","date_gmt":"2021-06-26T03:12:25","guid":{"rendered":"https:\/\/econdental.com\/?page_id=30"},"modified":"2021-09-14T18:36:05","modified_gmt":"2021-09-14T23:36:05","slug":"implants","status":"publish","type":"page","link":"https:\/\/econdental.org\/es\/tratamientos-dentales\/implantes\/","title":{"rendered":"Implantes"},"content":{"rendered":"<div data-elementor-type=\"wp-page\" data-elementor-id=\"30\" class=\"elementor elementor-30\" data-elementor-post-type=\"page\">\n\t\t\t\t\t\t<section class=\"elementor-section elementor-top-section elementor-element elementor-element-248f470a elementor-section-boxed elementor-section-height-default elementor-section-height-default\" data-id=\"248f470a\" data-element_type=\"section\" data-e-type=\"section\">\n\t\t\t\t\t\t<div class=\"elementor-container elementor-column-gap-default\">\n\t\t\t\t\t<div class=\"elementor-column elementor-col-100 elementor-top-column elementor-element elementor-element-7e8789eb\" data-id=\"7e8789eb\" data-element_type=\"column\" data-e-type=\"column\">\n\t\t\t<div class=\"elementor-widget-wrap elementor-element-populated\">\n\t\t\t\t\t\t<div class=\"elementor-element elementor-element-3ecb5bce elementor-widget elementor-widget-text-editor\" data-id=\"3ecb5bce\" data-element_type=\"widget\" data-e-type=\"widget\" data-widget_type=\"text-editor.default\">\n\t\t\t\t<div class=\"elementor-widget-container\">\n\t\t\t\t\t\t\t\t\t<p>Los Implantes son lo m\u00e1s avanzado en cuanto a la odontolog\u00eda moderna. Se sienten y se ven como sus dientes naturales. Estos dientes que dan fijados hasta m\u00e1s duros que sus propios dientes naturales. El procedimiento es sencillo y se hace bajo anestesia local o sedaci\u00f3n. El dentista hace una incisi\u00f3n en su enc\u00eda y pone un perno de titanio en la enc\u00eda. A los pocos meses el hueso y el tejido crece alrededor del perno fij\u00e1ndolo fuertemente es ah\u00ed cuando el dentista procede atornillar su nueva nuevo diente o pieza. Este procedimiento es tan maravilloso que sus dientes quedan fijados hasta m\u00e1s fuerte que sus dientes naturales. Usted de la oficina y podr\u00e1 comer lo que quiera, porque la pieza no se va a mover. Dependiendo su necesidad se pueden hacer un diente, varias piezas y hasta dentaduras completas.<\/p>\t\t\t\t\t\t\t\t<\/div>\n\t\t\t\t<\/div>\n\t\t\t\t<div class=\"elementor-element elementor-element-3a6b6e6 elementor-widget elementor-widget-spacer\" data-id=\"3a6b6e6\" data-element_type=\"widget\" data-e-type=\"widget\" data-widget_type=\"spacer.default\">\n\t\t\t\t<div class=\"elementor-widget-container\">\n\t\t\t\t\t\t\t<div class=\"elementor-spacer\">\n\t\t\t<div class=\"elementor-spacer-inner\"><\/div>\n\t\t<\/div>\n\t\t\t\t\t\t<\/div>\n\t\t\t\t<\/div>\n\t\t\t\t\t<\/div>\n\t\t<\/div>\n\t\t\t\t\t<\/div>\n\t\t<\/section>\n\t\t\t\t<\/div>","protected":false},"excerpt":{"rendered":"<p>Los Implantes son lo m\u00e1s avanzado en cuanto a la dentister\u00eda moderna. Se sienten y se ven como sus dientes naturales. <\/p>","protected":false},"author":1,"featured_media":550,"parent":14,"menu_order":7,"comment_status":"closed","ping_status":"closed","template":"","meta":{"footnotes":""},"tags":[6],"class_list":["post-30","page","type-page","status-publish","has-post-thumbnail","hentry","tag-page-content"],"blocksy_meta":{"styles_descriptor":{"styles":{"desktop":"","tablet":"","mobile":""},"google_fonts":[]}},"_links":{"self":[{"href":"https:\/\/econdental.org\/es\/wp-json\/wp\/v2\/pages\/30","targetHints":{"allow":["GET"]}}],"collection":[{"href":"https:\/\/econdental.org\/es\/wp-json\/wp\/v2\/pages"}],"about":[{"href":"https:\/\/econdental.org\/es\/wp-json\/wp\/v2\/types\/page"}],"author":[{"embeddable":true,"href":"https:\/\/econdental.org\/es\/wp-json\/wp\/v2\/users\/1"}],"replies":[{"embeddable":true,"href":"https:\/\/econdental.org\/es\/wp-json\/wp\/v2\/comments?post=30"}],"version-history":[{"count":0,"href":"https:\/\/econdental.org\/es\/wp-json\/wp\/v2\/pages\/30\/revisions"}],"up":[{"embeddable":true,"href":"https:\/\/econdental.org\/es\/wp-json\/wp\/v2\/pages\/14"}],"wp:featuredmedia":[{"embeddable":true,"href":"https:\/\/econdental.org\/es\/wp-json\/wp\/v2\/media\/550"}],"wp:attachment":[{"href":"https:\/\/econdental.org\/es\/wp-json\/wp\/v2\/media?parent=30"}],"wp:term":[{"taxonomy":"post_tag","embeddable":true,"href":"https:\/\/econdental.org\/es\/wp-json\/wp\/v2\/tags?post=30"}],"curies":[{"name":"wp","href":"https:\/\/api.w.org\/{rel}","templated":true}]}}