{"id":283,"date":"2021-06-27T22:08:28","date_gmt":"2021-06-28T03:08:28","guid":{"rendered":"https:\/\/econdental.com\/?page_id=283"},"modified":"2024-09-18T17:21:38","modified_gmt":"2024-09-18T22:21:38","slug":"dr-gaud","status":"publish","type":"page","link":"https:\/\/econdental.org\/es\/equipo\/dr-gaud\/","title":{"rendered":"Dr. Gaud"},"content":{"rendered":"<div data-elementor-type=\"wp-page\" data-elementor-id=\"283\" class=\"elementor elementor-283\" data-elementor-post-type=\"page\">\n\t\t\t\t\t\t<section class=\"elementor-section elementor-top-section elementor-element elementor-element-e67ff4d elementor-section-boxed elementor-section-height-default elementor-section-height-default\" data-id=\"e67ff4d\" data-element_type=\"section\" data-e-type=\"section\">\n\t\t\t\t\t\t<div class=\"elementor-container elementor-column-gap-default\">\n\t\t\t\t\t<div class=\"elementor-column elementor-col-50 elementor-top-column elementor-element elementor-element-d0202f5\" data-id=\"d0202f5\" data-element_type=\"column\" data-e-type=\"column\">\n\t\t\t<div class=\"elementor-widget-wrap elementor-element-populated\">\n\t\t\t\t\t\t<div class=\"elementor-element elementor-element-25e885e elementor-widget elementor-widget-heading\" data-id=\"25e885e\" data-element_type=\"widget\" data-e-type=\"widget\" data-widget_type=\"heading.default\">\n\t\t\t\t<div class=\"elementor-widget-container\">\n\t\t\t\t\t<h3 class=\"elementor-heading-title elementor-size-default\">Dr. Gaud\n<\/h3>\t\t\t\t<\/div>\n\t\t\t\t<\/div>\n\t\t\t\t<div class=\"elementor-element elementor-element-548b16e elementor-widget elementor-widget-text-editor\" data-id=\"548b16e\" data-element_type=\"widget\" data-e-type=\"widget\" data-widget_type=\"text-editor.default\">\n\t\t\t\t<div class=\"elementor-widget-container\">\n\t\t\t\t\t\t\t\t\t<p>Obtuvo su bachillerato en Qu\u00edmica Industrial en la Universidad de Puerto Rico, continu\u00f3 estudios posgraduado y complet\u00f3 su doctorado en Odontolog\u00eda General.  Sirvi\u00f3 en el Ejercito de los Estados Unidos como dentista general.  Educaci\u00f3n avanzada completada en \u201cInvisalign\u201d y ortodoncia general Sistema de implantes \u201cNobel Biocare All on Four, Lumineers\u201d y sedaci\u00f3n intravenosa.  Licencia dental en la Florida, Maryland y Puerto Rico.<\/p><p><strong>Sirviendo tres consultorios dentales:<\/strong>\u00a0Orlando, Maryland y Puerto Rico \/ Afiliaciones Profesionales: Fellow, International Congress of Implantology.  Miembro de la Academia de Odontolog\u00eda General, Asociaci\u00f3n Internacional de Ortodoncia, Colegio de Cirujanos Dentales de Puerto Rico.<\/p><p><strong>Mayor logro personal:<\/strong> Yo estoy muy orgulloso de mi familia y como mis hijos han aprendido que el trabajo fuerte, los buenos valores, \u00e9tica y la confianza en Dios tiene su recompensa. Mi mayor logro personal es haberme convertido en dentista y proveedor de cuidado de la salud.  Me da gran satisfacci\u00f3n ver a mis pacientes felices, saludables y confiados con sus sonrisas.<\/p><p class=\"translation-block\"><strong>Off-Hours:<\/strong>&nbsp;Playing saxophone, as well as classic car restoration and golf.<\/p>\t\t\t\t\t\t\t\t<\/div>\n\t\t\t\t<\/div>\n\t\t\t\t<div class=\"elementor-element elementor-element-0a1bde1 elementor-hidden-phone elementor-widget elementor-widget-button\" data-id=\"0a1bde1\" data-element_type=\"widget\" data-e-type=\"widget\" data-widget_type=\"button.default\">\n\t\t\t\t<div class=\"elementor-widget-container\">\n\t\t\t\t\t\t\t\t\t<div class=\"elementor-button-wrapper\">\n\t\t\t\t\t<a class=\"elementor-button elementor-button-link elementor-size-xs\" href=\"https:\/\/econdental.org\/es\/team\/\">\n\t\t\t\t\t\t<span class=\"elementor-button-content-wrapper\">\n\t\t\t\t\t\t<span class=\"elementor-button-icon\">\n\t\t\t\t<i aria-hidden=\"true\" class=\"fas fa-arrow-left\"><\/i>\t\t\t<\/span>\n\t\t\t\t\t\t\t\t\t<span class=\"elementor-button-text\">Regresar al equipo<\/span>\n\t\t\t\t\t<\/span>\n\t\t\t\t\t<\/a>\n\t\t\t\t<\/div>\n\t\t\t\t\t\t\t\t<\/div>\n\t\t\t\t<\/div>\n\t\t\t\t\t<\/div>\n\t\t<\/div>\n\t\t\t\t<div class=\"elementor-column elementor-col-50 elementor-top-column elementor-element elementor-element-012ce86\" data-id=\"012ce86\" data-element_type=\"column\" data-e-type=\"column\">\n\t\t\t<div class=\"elementor-widget-wrap elementor-element-populated\">\n\t\t\t\t\t\t<div class=\"elementor-element elementor-element-e6ca44a elementor-hidden-phone elementor-widget elementor-widget-spacer\" data-id=\"e6ca44a\" data-element_type=\"widget\" data-e-type=\"widget\" data-widget_type=\"spacer.default\">\n\t\t\t\t<div class=\"elementor-widget-container\">\n\t\t\t\t\t\t\t<div class=\"elementor-spacer\">\n\t\t\t<div class=\"elementor-spacer-inner\"><\/div>\n\t\t<\/div>\n\t\t\t\t\t\t<\/div>\n\t\t\t\t<\/div>\n\t\t\t\t<div class=\"elementor-element elementor-element-d5cfe14 elementor-widget elementor-widget-image\" data-id=\"d5cfe14\" data-element_type=\"widget\" data-e-type=\"widget\" data-widget_type=\"image.default\">\n\t\t\t\t<div class=\"elementor-widget-container\">\n\t\t\t\t\t\t\t\t\t\t\t\t\t\t\t<img fetchpriority=\"high\" decoding=\"async\" width=\"480\" height=\"720\" src=\"https:\/\/econdental.org\/wp-content\/uploads\/2021\/06\/Dr-Gaud-480.jpg\" class=\"attachment-medium_large size-medium_large wp-image-292\" alt=\"Dr Gaud\" srcset=\"https:\/\/econdental.org\/wp-content\/uploads\/2021\/06\/Dr-Gaud-480.jpg 480w, https:\/\/econdental.org\/wp-content\/uploads\/2021\/06\/Dr-Gaud-480-200x300.jpg 200w, https:\/\/econdental.org\/wp-content\/uploads\/2021\/06\/Dr-Gaud-480-8x12.jpg 8w\" sizes=\"(max-width: 480px) 100vw, 480px\" title=\"\">\t\t\t\t\t\t\t\t\t\t\t\t\t\t\t<\/div>\n\t\t\t\t<\/div>\n\t\t\t\t<div class=\"elementor-element elementor-element-7271b84 elementor-hidden-desktop elementor-hidden-tablet elementor-widget elementor-widget-button\" data-id=\"7271b84\" data-element_type=\"widget\" data-e-type=\"widget\" data-widget_type=\"button.default\">\n\t\t\t\t<div class=\"elementor-widget-container\">\n\t\t\t\t\t\t\t\t\t<div class=\"elementor-button-wrapper\">\n\t\t\t\t\t<a class=\"elementor-button elementor-button-link elementor-size-xs\" href=\"https:\/\/econdental.org\/es\/clinic\/\">\n\t\t\t\t\t\t<span class=\"elementor-button-content-wrapper\">\n\t\t\t\t\t\t<span class=\"elementor-button-icon\">\n\t\t\t\t<i aria-hidden=\"true\" class=\"fas fa-arrow-left\"><\/i>\t\t\t<\/span>\n\t\t\t\t\t\t\t\t\t<span class=\"elementor-button-text\">Back to clinic<\/span>\n\t\t\t\t\t<\/span>\n\t\t\t\t\t<\/a>\n\t\t\t\t<\/div>\n\t\t\t\t\t\t\t\t<\/div>\n\t\t\t\t<\/div>\n\t\t\t\t\t<\/div>\n\t\t<\/div>\n\t\t\t\t\t<\/div>\n\t\t<\/section>\n\t\t\t\t<\/div>","protected":false},"excerpt":{"rendered":"<p>Dr. Gaud He got his bachelor\u2019s degree in Industrial Chemistry from the University of Puerto Rico, followed by graduate school to complete a Doctorate in General Dentistry.\u00a0 He served in the Army as a General Dentist, completed Advanced Education for Invisalign and Standard Orthodontic, Nobel Biocare All on Four Implant System, Lumineers, and IV Sedation.\u00a0 [&hellip;]<\/p>","protected":false},"author":1,"featured_media":0,"parent":41,"menu_order":1,"comment_status":"closed","ping_status":"closed","template":"elementor_header_footer","meta":{"footnotes":""},"tags":[],"class_list":["post-283","page","type-page","status-publish","hentry"],"blocksy_meta":{"styles_descriptor":{"styles":{"desktop":"","tablet":"","mobile":""},"google_fonts":[]}},"_links":{"self":[{"href":"https:\/\/econdental.org\/es\/wp-json\/wp\/v2\/pages\/283","targetHints":{"allow":["GET"]}}],"collection":[{"href":"https:\/\/econdental.org\/es\/wp-json\/wp\/v2\/pages"}],"about":[{"href":"https:\/\/econdental.org\/es\/wp-json\/wp\/v2\/types\/page"}],"author":[{"embeddable":true,"href":"https:\/\/econdental.org\/es\/wp-json\/wp\/v2\/users\/1"}],"replies":[{"embeddable":true,"href":"https:\/\/econdental.org\/es\/wp-json\/wp\/v2\/comments?post=283"}],"version-history":[{"count":6,"href":"https:\/\/econdental.org\/es\/wp-json\/wp\/v2\/pages\/283\/revisions"}],"predecessor-version":[{"id":1475,"href":"https:\/\/econdental.org\/es\/wp-json\/wp\/v2\/pages\/283\/revisions\/1475"}],"up":[{"embeddable":true,"href":"https:\/\/econdental.org\/es\/wp-json\/wp\/v2\/pages\/41"}],"wp:attachment":[{"href":"https:\/\/econdental.org\/es\/wp-json\/wp\/v2\/media?parent=283"}],"wp:term":[{"taxonomy":"post_tag","embeddable":true,"href":"https:\/\/econdental.org\/es\/wp-json\/wp\/v2\/tags?post=283"}],"curies":[{"name":"wp","href":"https:\/\/api.w.org\/{rel}","templated":true}]}}