{"id":23,"date":"2021-06-25T22:10:00","date_gmt":"2021-06-26T03:10:00","guid":{"rendered":"https:\/\/econdental.com\/?page_id=23"},"modified":"2021-09-14T18:36:27","modified_gmt":"2021-09-14T23:36:27","slug":"cosmetic-surgeries","status":"publish","type":"page","link":"https:\/\/econdental.org\/es\/tratamientos-dentales\/cirugias-esteticas\/","title":{"rendered":"Cirug\u00edas est\u00e9ticas"},"content":{"rendered":"<div data-elementor-type=\"wp-page\" data-elementor-id=\"23\" class=\"elementor elementor-23\" data-elementor-post-type=\"page\">\n\t\t\t\t\t\t<section class=\"elementor-section elementor-top-section elementor-element elementor-element-cd423f5 elementor-section-boxed elementor-section-height-default elementor-section-height-default\" data-id=\"cd423f5\" data-element_type=\"section\" data-e-type=\"section\">\n\t\t\t\t\t\t<div class=\"elementor-container elementor-column-gap-default\">\n\t\t\t\t\t<div class=\"elementor-column elementor-col-100 elementor-top-column elementor-element elementor-element-1cd9874\" data-id=\"1cd9874\" data-element_type=\"column\" data-e-type=\"column\">\n\t\t\t<div class=\"elementor-widget-wrap elementor-element-populated\">\n\t\t\t\t\t\t<div class=\"elementor-element elementor-element-1de25e2 elementor-widget elementor-widget-spacer\" data-id=\"1de25e2\" data-element_type=\"widget\" data-e-type=\"widget\" data-widget_type=\"spacer.default\">\n\t\t\t\t<div class=\"elementor-widget-container\">\n\t\t\t\t\t\t\t<div class=\"elementor-spacer\">\n\t\t\t<div class=\"elementor-spacer-inner\"><\/div>\n\t\t<\/div>\n\t\t\t\t\t\t<\/div>\n\t\t\t\t<\/div>\n\t\t\t\t<div class=\"elementor-element elementor-element-720fd2c elementor-widget elementor-widget-heading\" data-id=\"720fd2c\" data-element_type=\"widget\" data-e-type=\"widget\" data-widget_type=\"heading.default\">\n\t\t\t\t<div class=\"elementor-widget-container\">\n\t\t\t\t\t<h4 class=\"elementor-heading-title elementor-size-default\">Gingivectom\u00eda<\/h4>\t\t\t\t<\/div>\n\t\t\t\t<\/div>\n\t\t\t\t<div class=\"elementor-element elementor-element-4f231b6 elementor-widget elementor-widget-text-editor\" data-id=\"4f231b6\" data-element_type=\"widget\" data-e-type=\"widget\" data-widget_type=\"text-editor.default\">\n\t\t\t\t<div class=\"elementor-widget-container\">\n\t\t\t\t\t\t\t\t\t<p>Esta cirug\u00eda est\u00e9tica se realiza cuando la enc\u00eda es m\u00e1s pronunciada con relaci\u00f3n a sus dientes. Para ponerlo m\u00e1s claro es que las enc\u00edas son m\u00e1s pronunciadas que los dientes. Esta cirug\u00eda est\u00e9tica tiene como funci\u00f3n el exponer m\u00e1s sus dientes, eliminando parte de su enc\u00eda. Usted obtendr\u00e1 como resultado el que sus dientes se pronuncien m\u00e1s y menos sus enc\u00edas. El resultado es espectacular.<\/p>\t\t\t\t\t\t\t\t<\/div>\n\t\t\t\t<\/div>\n\t\t\t\t<div class=\"elementor-element elementor-element-dd11d41 elementor-widget elementor-widget-spacer\" data-id=\"dd11d41\" data-element_type=\"widget\" data-e-type=\"widget\" data-widget_type=\"spacer.default\">\n\t\t\t\t<div class=\"elementor-widget-container\">\n\t\t\t\t\t\t\t<div class=\"elementor-spacer\">\n\t\t\t<div class=\"elementor-spacer-inner\"><\/div>\n\t\t<\/div>\n\t\t\t\t\t\t<\/div>\n\t\t\t\t<\/div>\n\t\t\t\t<div class=\"elementor-element elementor-element-487ed4f elementor-widget elementor-widget-heading\" data-id=\"487ed4f\" data-element_type=\"widget\" data-e-type=\"widget\" data-widget_type=\"heading.default\">\n\t\t\t\t<div class=\"elementor-widget-container\">\n\t\t\t\t\t<h4 class=\"elementor-heading-title elementor-size-default\">Alargamiento de Coronas<\/h4>\t\t\t\t<\/div>\n\t\t\t\t<\/div>\n\t\t\t\t<div class=\"elementor-element elementor-element-a72b181 elementor-widget elementor-widget-text-editor\" data-id=\"a72b181\" data-element_type=\"widget\" data-e-type=\"widget\" data-widget_type=\"text-editor.default\">\n\t\t\t\t<div class=\"elementor-widget-container\">\n\t\t\t\t\t\t\t\t\t<p>El alargamiento est\u00e9tico de una corona es un procedimiento que le podr\u00eda ofrecer la sonrisa que siempre ha deseado. Si sus dientes se ven unos m\u00e1s largos que los otros o cuando se sonr\u00ede sus enc\u00edas se ven m\u00e1s pronunciadas que sus dientes, el aumentar el largo de sus coronas podr\u00eda ser la soluci\u00f3n. Sus dientes pueden estar en la posici\u00f3n adecuada, pero sus enc\u00edas se ven excesivamente pronunciadas. En Econ Dental quir\u00fargicamente le vamos a ayudar extrayendo parte de la enc\u00eda y de ser necesario tambi\u00e9n parte del hueso. Obteniendo como resultado que sus dientes se pronuncien m\u00e1s que sus enc\u00edas. Se ver\u00e1 mucho mejor est\u00e9ticamente, como siempre ha so\u00f1ado.<\/p>\t\t\t\t\t\t\t\t<\/div>\n\t\t\t\t<\/div>\n\t\t\t\t<div class=\"elementor-element elementor-element-131b8c1 elementor-widget elementor-widget-spacer\" data-id=\"131b8c1\" data-element_type=\"widget\" data-e-type=\"widget\" data-widget_type=\"spacer.default\">\n\t\t\t\t<div class=\"elementor-widget-container\">\n\t\t\t\t\t\t\t<div class=\"elementor-spacer\">\n\t\t\t<div class=\"elementor-spacer-inner\"><\/div>\n\t\t<\/div>\n\t\t\t\t\t\t<\/div>\n\t\t\t\t<\/div>\n\t\t\t\t\t<\/div>\n\t\t<\/div>\n\t\t\t\t\t<\/div>\n\t\t<\/section>\n\t\t\t\t<\/div>","protected":false},"excerpt":{"rendered":"<p>Esta cirug\u00eda est\u00e9tica se realiza cuando la enc\u00eda es m\u00e1s pronunciada con relaci\u00f3n a sus dientes.<\/p>","protected":false},"author":1,"featured_media":549,"parent":14,"menu_order":4,"comment_status":"closed","ping_status":"closed","template":"","meta":{"footnotes":""},"tags":[6],"class_list":["post-23","page","type-page","status-publish","has-post-thumbnail","hentry","tag-page-content"],"blocksy_meta":{"styles_descriptor":{"styles":{"desktop":"","tablet":"","mobile":""},"google_fonts":[]}},"_links":{"self":[{"href":"https:\/\/econdental.org\/es\/wp-json\/wp\/v2\/pages\/23","targetHints":{"allow":["GET"]}}],"collection":[{"href":"https:\/\/econdental.org\/es\/wp-json\/wp\/v2\/pages"}],"about":[{"href":"https:\/\/econdental.org\/es\/wp-json\/wp\/v2\/types\/page"}],"author":[{"embeddable":true,"href":"https:\/\/econdental.org\/es\/wp-json\/wp\/v2\/users\/1"}],"replies":[{"embeddable":true,"href":"https:\/\/econdental.org\/es\/wp-json\/wp\/v2\/comments?post=23"}],"version-history":[{"count":0,"href":"https:\/\/econdental.org\/es\/wp-json\/wp\/v2\/pages\/23\/revisions"}],"up":[{"embeddable":true,"href":"https:\/\/econdental.org\/es\/wp-json\/wp\/v2\/pages\/14"}],"wp:featuredmedia":[{"embeddable":true,"href":"https:\/\/econdental.org\/es\/wp-json\/wp\/v2\/media\/549"}],"wp:attachment":[{"href":"https:\/\/econdental.org\/es\/wp-json\/wp\/v2\/media?parent=23"}],"wp:term":[{"taxonomy":"post_tag","embeddable":true,"href":"https:\/\/econdental.org\/es\/wp-json\/wp\/v2\/tags?post=23"}],"curies":[{"name":"wp","href":"https:\/\/api.w.org\/{rel}","templated":true}]}}