{"id":1639,"date":"2025-10-28T09:07:07","date_gmt":"2025-10-28T14:07:07","guid":{"rendered":"https:\/\/econdental.org\/?page_id=1639"},"modified":"2025-10-28T09:11:20","modified_gmt":"2025-10-28T14:11:20","slug":"iv-sedation-and-or-nitrous-oxide-analgesia","status":"publish","type":"page","link":"https:\/\/econdental.org\/es\/tratamientos-dentales\/iv-sedation-and-or-nitrous-oxide-analgesia\/","title":{"rendered":"Sedaci\u00f3n intravenosa y\/o \u00f3xido nitroso"},"content":{"rendered":"<p><strong>La Sedaci\u00f3n Intravenosa y la Anestesia con \u00d3xido Nitroso<\/strong><\/p>\n\n\n\n<p>Son dos m\u00e9todos utilizados para reducir la ansiedad y el dolor durante procedimientos m\u00e9dicos o dentales. Aunque ambos tienen el objetivo de proporcionar comodidad al paciente, funcionan de manera diferente.<\/p>\n\n\n\n<p><strong>Sedaci\u00f3n Intravenosa (IV)<\/strong><\/p>\n\n\n\n<p>Se utiliza com\u00fanmente en procedimientos dentales, quir\u00fargicos o m\u00e9dicos menores que requieren que el paciente permanezca inm\u00f3vil o tranquilo. Tambi\u00e9n es \u00fatil cuando el paciente tiene miedo o ansiedad significativa.<br>La sedaci\u00f3n intravenosa proporciona un control m\u00e1s preciso sobre la profundidad de la sedaci\u00f3n, lo que permite una experiencia m\u00e1s c\u00f3moda para el paciente.<\/p>\n\n\n\n<p><strong>Anestesia con \u00d3xido Nitroso<\/strong><\/p>\n\n\n\n<p>Es un gas que se usa para producir efectos sedantes y propiedades analg\u00e9sicas (reduce el dolor). Se administra mediante una mascarilla o un tubo colocado en la nariz del paciente. Se utiliza principalmente en procedimientos dentales o m\u00e9dicos que son menos invasivos o dolorosos.<\/p>\n\n\n\n<p>Es una opci\u00f3n popular para personas que sienten miedo o ansiedad al ir al dentista. Los efectos del \u00f3xido nitroso son r\u00e1pidos y reversibles, lo que significa que el paciente puede recuperarse r\u00e1pidamente despu\u00e9s del procedimiento y regresar a casa sin efectos secundarios prolongados.<\/p>","protected":false},"excerpt":{"rendered":"<p>Son dos m\u00e9todos utilizados para reducir la ansiedad y el dolor durante procedimientos m\u00e9dicos o dentales. Aunque ambos tienen el objetivo de proporcionar comodidad al paciente, funcionan de manera diferente.<\/p>","protected":false},"author":1,"featured_media":1644,"parent":14,"menu_order":12,"comment_status":"closed","ping_status":"closed","template":"","meta":{"footnotes":""},"tags":[6],"class_list":["post-1639","page","type-page","status-publish","has-post-thumbnail","hentry","tag-page-content"],"blocksy_meta":[],"_links":{"self":[{"href":"https:\/\/econdental.org\/es\/wp-json\/wp\/v2\/pages\/1639","targetHints":{"allow":["GET"]}}],"collection":[{"href":"https:\/\/econdental.org\/es\/wp-json\/wp\/v2\/pages"}],"about":[{"href":"https:\/\/econdental.org\/es\/wp-json\/wp\/v2\/types\/page"}],"author":[{"embeddable":true,"href":"https:\/\/econdental.org\/es\/wp-json\/wp\/v2\/users\/1"}],"replies":[{"embeddable":true,"href":"https:\/\/econdental.org\/es\/wp-json\/wp\/v2\/comments?post=1639"}],"version-history":[{"count":2,"href":"https:\/\/econdental.org\/es\/wp-json\/wp\/v2\/pages\/1639\/revisions"}],"predecessor-version":[{"id":1648,"href":"https:\/\/econdental.org\/es\/wp-json\/wp\/v2\/pages\/1639\/revisions\/1648"}],"up":[{"embeddable":true,"href":"https:\/\/econdental.org\/es\/wp-json\/wp\/v2\/pages\/14"}],"wp:featuredmedia":[{"embeddable":true,"href":"https:\/\/econdental.org\/es\/wp-json\/wp\/v2\/media\/1644"}],"wp:attachment":[{"href":"https:\/\/econdental.org\/es\/wp-json\/wp\/v2\/media?parent=1639"}],"wp:term":[{"taxonomy":"post_tag","embeddable":true,"href":"https:\/\/econdental.org\/es\/wp-json\/wp\/v2\/tags?post=1639"}],"curies":[{"name":"wp","href":"https:\/\/api.w.org\/{rel}","templated":true}]}}